{"id":13,"date":"2020-03-29T18:44:52","date_gmt":"2020-03-29T16:44:52","guid":{"rendered":"http:\/\/naturheilpraxis-pfluger.de\/cms\/?page_id=13"},"modified":"2021-01-12T15:12:14","modified_gmt":"2021-01-12T14:12:14","slug":"ueber-mich","status":"publish","type":"page","link":"https:\/\/www.naturheilpraxis-pfluger.de\/?page_id=13","title":{"rendered":"\u00dcber mich"},"content":{"rendered":"<p><img loading=\"lazy\" class=\"wp-image-547 size-full aligncenter\" src=\"https:\/\/www.naturheilpraxis-pfluger.de\/wp-content\/uploads\/2020\/08\/birgit_pfluger.jpg\" alt=\"\" width=\"210\" height=\"260\" \/><\/p>\n<p><span style=\"font-family: arial, helvetica, sans-serif;\">Der Wunsch nach mehr Gesundheit, Vitalit\u00e4t und Leistungsf\u00e4higkeit fordert von allen Menschen mit den vorhandenen Kr\u00e4ften zu haushalten und diese immer wieder zu n\u00e4hren. Die Achtung vor der Sch\u00f6pfung und dem Leben ist f\u00fcr mich oberstes Gebot. Deshalb habe ich mich zun\u00e4chst entschlossen, eine Ausbildung als Gesundheits- und Krankenpflegerin zu absolvieren.<\/span><br \/>\n<span style=\"font-family: arial, helvetica, sans-serif;\">Meine Ausbildung erfolgte im Klinikum Friedrichshafen, einem Akademischen Lehrkrankenhaus der Universit\u00e4t T\u00fcbingen.<\/span><br \/>\n<span style=\"font-family: arial, helvetica, sans-serif;\">Vom Bodensee zur\u00fcck ins sch\u00f6ne Allg\u00e4u, arbeitete ich jahrelange im Bereich der Unfallchirurgie und Wiederherstellungschirurgie. <\/span><span style=\"font-family: arial, helvetica, sans-serif;\">In dieser Zeit absolvierte ich die Weiterbildung zur Praxisanleiterin\/ Mentorin f\u00fcr Mitarbeiter und Sch\u00fcler sowie zur Stationsleitung.<\/span><\/p>\n<p><span style=\"font-family: arial, helvetica, sans-serif;\">Im Verlauf meiner beruflichen T\u00e4tigkeit, zog es mich in den Fachbereich An\u00e4sthesie und Intensivmedizin, wo ich mehrere Jahre blieb.<\/span><br \/>\n<span style=\"font-family: arial, helvetica, sans-serif;\">Nachdem meine drei Kinder gr\u00f6\u00dfer wurden, f\u00fchrte mich mein beruflicher Weg zur\u00fcck auf die Unfallchirurgie. Gleichzeitig \u00fcbernahm ich mit meiner Mutter und einem Pflegedienst die Pflege meines schwerstkranken Vaters bis 2019. Durch ihn wurde mein Interesse f\u00fcr die Naturheilkunde und Osteopathie geweckt.<\/span><br \/>\n<span style=\"font-family: arial, helvetica, sans-serif;\">2015 begann ich mit der Ausbildung in der Osteopathie und zur Heilpraktikerin. Beide Ausbildungen wurden mit Erfolg abgeschlossen. Zus\u00e4tzlich absolvierte ich die Ausbildung zur Massagetherapeutin und die Ausbildung f\u00fcr den Bereich medizinisches Tapen.<\/span><br \/>\n<span style=\"font-family: arial, helvetica, sans-serif;\">2019 absolvierte ich die Ausbildung zur Wundexpertin nach ICW und zur Schmerztherapeutin nach Liebscher und Bracht.<\/span><br \/>\n<span style=\"font-family: arial, helvetica, sans-serif;\">Es ist mir pers\u00f6nlich sehr wichtig, sowohl Schulmedizinisch als auch in der Naturheilkunde stets auf dem neuesten Stand meines Fachwissens zu bleiben, deshalb besuche ich st\u00e4ndig Fort- und Weiterbildungen.<\/span><br \/>\n<span style=\"font-family: arial, helvetica, sans-serif;\">Am Anfang meiner Behandlung steht das ausf\u00fchrliche Anamnesegespr\u00e4ch, das dazu dient, Sie und Ihr Anliegen zu verstehen.<\/span><br \/>\n<span style=\"font-family: arial, helvetica, sans-serif;\">Dies ist die Grundlage f\u00fcr Ihr pers\u00f6nlich passendes Therapiekonzept.<\/span><br \/>\n<span style=\"font-family: arial, helvetica, sans-serif;\">Lesen Sie auf meiner Webseite \u00fcber meine T\u00e4tigkeitsfelder und kontaktieren Sie mich gerne pers\u00f6nlich oder schreiben Sie mir eine E-mail.<\/span><br \/>\n<span style=\"font-family: arial, helvetica, sans-serif;\">Sprechzeiten nach Vereinbarung.<\/span><\/p>\n<p><span style=\"font-family: arial, helvetica, sans-serif;\">Naturheilpraxis Birgit Pfluger<\/span><br \/>\n<span style=\"font-family: arial, helvetica, sans-serif;\">Wolkenbergerstra\u00dfe 1<\/span><br \/>\n<span style=\"font-family: arial, helvetica, sans-serif;\">87499 Wildpoldsried<\/span><br \/>\n<span style=\"font-family: arial, helvetica, sans-serif;\">Telefon 08304 9295444<\/span><br \/>\n<span style=\"font-family: arial, helvetica, sans-serif;\">Mobil 0160 90551149<\/span><br \/>\n<span style=\"font-family: arial, helvetica, sans-serif;\">Mailadresse :\u00a0 <a href=\"mailto:info@naturheilpraxis-pfluger.de\">info@naturheilpraxis-pfluger.de<\/a><\/span><\/p>\n","protected":false},"excerpt":{"rendered":"<p>Der Wunsch nach mehr Gesundheit, Vitalit\u00e4t und Leistungsf\u00e4higkeit fordert von allen Menschen mit den vorhandenen Kr\u00e4ften zu haushalten und diese immer wieder zu n\u00e4hren. Die Achtung vor der Sch\u00f6pfung und dem Leben ist f\u00fcr mich oberstes Gebot. Deshalb habe ich<\/p>\n","protected":false},"author":1,"featured_media":0,"parent":0,"menu_order":0,"comment_status":"closed","ping_status":"closed","template":"","meta":[],"_links":{"self":[{"href":"https:\/\/www.naturheilpraxis-pfluger.de\/index.php?rest_route=\/wp\/v2\/pages\/13"}],"collection":[{"href":"https:\/\/www.naturheilpraxis-pfluger.de\/index.php?rest_route=\/wp\/v2\/pages"}],"about":[{"href":"https:\/\/www.naturheilpraxis-pfluger.de\/index.php?rest_route=\/wp\/v2\/types\/page"}],"author":[{"embeddable":true,"href":"https:\/\/www.naturheilpraxis-pfluger.de\/index.php?rest_route=\/wp\/v2\/users\/1"}],"replies":[{"embeddable":true,"href":"https:\/\/www.naturheilpraxis-pfluger.de\/index.php?rest_route=%2Fwp%2Fv2%2Fcomments&post=13"}],"version-history":[{"count":80,"href":"https:\/\/www.naturheilpraxis-pfluger.de\/index.php?rest_route=\/wp\/v2\/pages\/13\/revisions"}],"predecessor-version":[{"id":788,"href":"https:\/\/www.naturheilpraxis-pfluger.de\/index.php?rest_route=\/wp\/v2\/pages\/13\/revisions\/788"}],"wp:attachment":[{"href":"https:\/\/www.naturheilpraxis-pfluger.de\/index.php?rest_route=%2Fwp%2Fv2%2Fmedia&parent=13"}],"curies":[{"name":"wp","href":"https:\/\/api.w.org\/{rel}","templated":true}]}}