{"id":214,"date":"2020-07-31T17:53:54","date_gmt":"2020-07-31T15:53:54","guid":{"rendered":"http:\/\/www.naturheilpraxis-pfluger.de\/?page_id=214"},"modified":"2021-05-10T12:00:54","modified_gmt":"2021-05-10T10:00:54","slug":"interessante-themen","status":"publish","type":"page","link":"https:\/\/www.naturheilpraxis-pfluger.de\/?page_id=214","title":{"rendered":"Interessante Themen"},"content":{"rendered":"<table class=\" tblock\" style=\"width: 100%; border-style: groove; border-color: #50a13b; border: 5px; cellspacing: 5px; cellpadding: 5px;\">\n<tbody>\n<tr>\n<td style=\"width: 49.5286%;\">\n<div style=\"border: 5px solid green; border-radius: 0 1em 1em 1em; background-color: #effac8; margin: 20px auto; padding: 2em;\">\n<p><strong><span style=\"font-family: arial, helvetica, sans-serif;\">ACP-Injektion \/ Blutplasma-Injektion<\/span><\/strong><\/p>\n<p><span style=\"font-family: arial, helvetica, sans-serif;\">Das menschliche Blut enth\u00e4lt neben den Erythrozyten (roten Blutk\u00f6rperchen), Leukozyten (wei\u00dfen Blutk\u00f6rperchen) und Thrombozyten (Blutpl\u00e4ttchen) auch die im Blutplasma enthaltenen Proteine sowie N\u00e4hrstoffe die f\u00fcr den Organismus notwendig sind.<\/span><\/p>\n<p>&nbsp;<\/p>\n<p><a style=\"border: 2px solid green; border-radius: 5px 5px 5px 5px; background-color: #99cc66; margin: 1px auto; padding: 5px;\" href=\"#ACP\">Read More<\/a><\/p>\n<\/div>\n<\/td>\n<td style=\"width: 49.5286%;\">\n<div style=\"border: 5px solid green; border-radius: 0 1em 1em 1em; background-color: #effac8; margin: 20px auto; padding: 2em;\">\n<p><strong><span style=\"font-family: arial, helvetica, sans-serif;\">Ultraschalldiagnostik &amp; Injektionstechniken<\/span><\/strong><\/p>\n<p>D<span style=\"font-family: arial, helvetica, sans-serif;\">er bestm\u00f6gliche Weg zur Genesung ist f\u00fcr mich eine Kombination von schulmedizinischer und komplement\u00e4rmedizinischer Intervention.<\/span><br \/>\n<span style=\"font-family: arial, helvetica, sans-serif;\">Die Heilkunde und auch die Osteopathie hat bei manchen Heilungsverl\u00e4ufen Grenzen&#8230;<br \/>\n<\/span><\/p>\n<p>&nbsp;<\/p>\n<p><a style=\"border: 2px solid green; border-radius: 5px 5px 5px 5px; background-color: #99cc66; margin: 1px auto; padding: 5px;\" href=\"#Ultra\">Read More<\/a><\/p>\n<\/div>\n<\/td>\n<\/tr>\n<tr>\n<td style=\"width: 99.5649%;\" colspan=\"2\">&nbsp;<\/p>\n<p>&nbsp;<\/p>\n<p><span style=\"font-family: arial, helvetica, sans-serif;\"><strong><a id=\"ACP\"><\/a>ACP-Injektion \/ Blutplasma-Injektion<\/strong><\/span><\/p>\n<p><span style=\"font-family: arial, helvetica, sans-serif;\">Das menschliche Blut enth\u00e4lt neben den Erythrozyten (roten Blutk\u00f6rperchen), Leukozyten (wei\u00dfen Blutk\u00f6rperchen) und Thrombozyten ( Blutpl\u00e4ttchen) auch die im Blutplasma enthaltenen Proteine sowie N\u00e4hrstoffe, die f\u00fcr den Organismus notwendig sind.<\/span><\/p>\n<p><span style=\"font-family: arial, helvetica, sans-serif;\">F\u00fcr die ACP-Injektion wird eine kleine Menge Blut, gleich wie bei einer normalen Blutentnahme, aus einer Armvene gewonnen.<\/span><br \/>\n<span style=\"font-family: arial, helvetica, sans-serif;\">Das entnommenen Vollblut wird anschlie\u00dfend mit einer Zentrifuge bearbeitet, somit wird erreicht dass sich die schweren zellul\u00e4ren Bestandteile von dem leichten Blutplasma mit den darin enthaltenen N\u00e4hrstoffen, Blutpl\u00e4ttchen und Wachstumsfaktoren trennen. Anschlie\u00dfend kann das Blutplasma in gesch\u00e4digte B\u00e4nder, Sehnen oder auch Muskeln injiziert werden.<\/span><br \/>\n<span style=\"font-family: arial, helvetica, sans-serif;\">Zahlreiche Studien belegen hierbei eine gesteigerte Zellteilungsaktivit\u00e4t sowie einen verbesserten Selbstheilungsprozess.<\/span><\/p>\n<p>&nbsp;<\/p>\n<p>&nbsp;<\/p>\n<p><span style=\"font-family: arial, helvetica, sans-serif;\"><strong><a id=\"Ultra\"><\/a>Ultraschalldiagnostik &amp; Injektionstechniken<br \/>\n<\/strong><\/span><br \/>\n<span style=\"font-family: arial, helvetica, sans-serif;\">Der bestm\u00f6gliche Weg zur Genesung\u00a0 ist f\u00fcr mich eine Kombination von schulmedizinischer und komplement\u00e4rmedizinischer Intervention.<\/span><br \/>\n<span style=\"font-family: arial, helvetica, sans-serif;\">Die Heilkunde und Osteopathie hat bei manchen Heilungsverl\u00e4ufen Grenzen, deshalb ist es unerl\u00e4sslich fortlaufend neueste Erkenntnisse aus der Schulmedizin und der Naturheilkunde zu erlernen, um Ihnen eine moderne, fundierte und ganzheitliche Therapie bieten zu k\u00f6nnen.<\/span><\/p>\n<p><span style=\"font-family: arial, helvetica, sans-serif;\">Um Ihnen h\u00f6chste Diagnose- und Behandlungsqualit\u00e4t bieten zu k\u00f6nnen habe ich eine Weiterbildung beim <em><u>P&amp;A College (medizinisches Fortbildungszentrum) <\/u><\/em>mit dem Schwerpunkt Ultraschalldiagnostik, Differenzialdiagnostik, Infiltration und Injektionstechniken in der Orthop\u00e4dievon 2019 bis 2020 durchlaufen.<\/span><\/td>\n<\/tr>\n<\/tbody>\n<\/table>\n","protected":false},"excerpt":{"rendered":"<p>ACP-Injektion \/ Blutplasma-Injektion Das menschliche Blut enth\u00e4lt neben den Erythrozyten (roten Blutk\u00f6rperchen), Leukozyten (wei\u00dfen Blutk\u00f6rperchen) und Thrombozyten (Blutpl\u00e4ttchen) auch die im Blutplasma enthaltenen Proteine sowie N\u00e4hrstoffe die f\u00fcr den Organismus notwendig sind. &nbsp; Read More Ultraschalldiagnostik &amp; Injektionstechniken Der bestm\u00f6gliche<\/p>\n","protected":false},"author":1,"featured_media":0,"parent":0,"menu_order":0,"comment_status":"closed","ping_status":"closed","template":"","meta":[],"_links":{"self":[{"href":"https:\/\/www.naturheilpraxis-pfluger.de\/index.php?rest_route=\/wp\/v2\/pages\/214"}],"collection":[{"href":"https:\/\/www.naturheilpraxis-pfluger.de\/index.php?rest_route=\/wp\/v2\/pages"}],"about":[{"href":"https:\/\/www.naturheilpraxis-pfluger.de\/index.php?rest_route=\/wp\/v2\/types\/page"}],"author":[{"embeddable":true,"href":"https:\/\/www.naturheilpraxis-pfluger.de\/index.php?rest_route=\/wp\/v2\/users\/1"}],"replies":[{"embeddable":true,"href":"https:\/\/www.naturheilpraxis-pfluger.de\/index.php?rest_route=%2Fwp%2Fv2%2Fcomments&post=214"}],"version-history":[{"count":36,"href":"https:\/\/www.naturheilpraxis-pfluger.de\/index.php?rest_route=\/wp\/v2\/pages\/214\/revisions"}],"predecessor-version":[{"id":807,"href":"https:\/\/www.naturheilpraxis-pfluger.de\/index.php?rest_route=\/wp\/v2\/pages\/214\/revisions\/807"}],"wp:attachment":[{"href":"https:\/\/www.naturheilpraxis-pfluger.de\/index.php?rest_route=%2Fwp%2Fv2%2Fmedia&parent=214"}],"curies":[{"name":"wp","href":"https:\/\/api.w.org\/{rel}","templated":true}]}}