{"id":228,"date":"2020-07-31T18:11:44","date_gmt":"2020-07-31T16:11:44","guid":{"rendered":"http:\/\/www.naturheilpraxis-pfluger.de\/?page_id=228"},"modified":"2021-01-12T14:36:46","modified_gmt":"2021-01-12T13:36:46","slug":"notfall-termine","status":"publish","type":"page","link":"https:\/\/www.naturheilpraxis-pfluger.de\/?page_id=228","title":{"rendered":"Notfall-Termine"},"content":{"rendered":"<p><span style=\"font-family: arial black, sans-serif; color: #ff0000;\">NOTFALL-Termine<\/span><\/p>\n<div class=\"elementor-element elementor-element-08f9a59 elementor-widget elementor-widget-text-editor\" data-id=\"08f9a59\" data-element_type=\"widget\" data-widget_type=\"text-editor.default\">\n<div class=\"elementor-widget-container\">\n<div class=\"elementor-text-editor elementor-clearfix\">\n<p><span style=\"font-family: arial, helvetica, sans-serif;\">In akuten F\u00e4llen stehe ich Ihnen auch gerne kurzfristig in meiner Akutsprechstunde zur Verf\u00fcgung.<\/span><\/p>\n<p><span style=\"font-family: arial, helvetica, sans-serif;\">Sollten Sie nicht in der Lage sein, die Praxis pers\u00f6nlich aufzusuchen, biete ich Ihnen auch gerne einen Hausbesuch an.<\/span><\/p>\n<p><span style=\"font-family: arial, helvetica, sans-serif;\">Sie erhalten garantiert innerhalb der folgenden zwei Werktage einen Termin, auch au\u00dferhalb der \u00fcblichen \u00d6ffnungszeiten.<\/span><\/p>\n<p><span style=\"font-family: arial, helvetica, sans-serif;\">In dringenden F\u00e4llen erreichen Sie mich unter der Telefonnummer 0160 90 55 11 49<\/span><\/p>\n<p><span style=\"font-family: arial, helvetica, sans-serif;\">Sollte ich kurzfristig nicht erreichbar sein, befinde ich mich gerade in einer Behandlung , rufe Sie jedoch umgehend zur\u00fcck.<\/span><\/p>\n<\/div>\n<\/div>\n<\/div>\n","protected":false},"excerpt":{"rendered":"<p>NOTFALL-Termine In akuten F\u00e4llen stehe ich Ihnen auch gerne kurzfristig in meiner Akutsprechstunde zur Verf\u00fcgung. Sollten Sie nicht in der Lage sein, die Praxis pers\u00f6nlich aufzusuchen, biete ich Ihnen auch gerne einen Hausbesuch an. Sie erhalten garantiert innerhalb der folgenden<\/p>\n","protected":false},"author":1,"featured_media":0,"parent":0,"menu_order":0,"comment_status":"closed","ping_status":"closed","template":"","meta":[],"_links":{"self":[{"href":"https:\/\/www.naturheilpraxis-pfluger.de\/index.php?rest_route=\/wp\/v2\/pages\/228"}],"collection":[{"href":"https:\/\/www.naturheilpraxis-pfluger.de\/index.php?rest_route=\/wp\/v2\/pages"}],"about":[{"href":"https:\/\/www.naturheilpraxis-pfluger.de\/index.php?rest_route=\/wp\/v2\/types\/page"}],"author":[{"embeddable":true,"href":"https:\/\/www.naturheilpraxis-pfluger.de\/index.php?rest_route=\/wp\/v2\/users\/1"}],"replies":[{"embeddable":true,"href":"https:\/\/www.naturheilpraxis-pfluger.de\/index.php?rest_route=%2Fwp%2Fv2%2Fcomments&post=228"}],"version-history":[{"count":5,"href":"https:\/\/www.naturheilpraxis-pfluger.de\/index.php?rest_route=\/wp\/v2\/pages\/228\/revisions"}],"predecessor-version":[{"id":777,"href":"https:\/\/www.naturheilpraxis-pfluger.de\/index.php?rest_route=\/wp\/v2\/pages\/228\/revisions\/777"}],"wp:attachment":[{"href":"https:\/\/www.naturheilpraxis-pfluger.de\/index.php?rest_route=%2Fwp%2Fv2%2Fmedia&parent=228"}],"curies":[{"name":"wp","href":"https:\/\/api.w.org\/{rel}","templated":true}]}}