{"id":353,"date":"2020-08-06T12:38:40","date_gmt":"2020-08-06T10:38:40","guid":{"rendered":"http:\/\/www.naturheilpraxis-pfluger.de\/?page_id=353"},"modified":"2021-01-12T15:03:47","modified_gmt":"2021-01-12T14:03:47","slug":"wundexpertin-icw","status":"publish","type":"page","link":"https:\/\/www.naturheilpraxis-pfluger.de\/?page_id=353","title":{"rendered":"Wundexpertin ICW"},"content":{"rendered":"<table style=\"border-collapse: collapse; width: 100%; height: 536px;\">\n<tbody>\n<tr style=\"height: 216px;\">\n<td style=\"width: 49.9637%; height: 216px; text-align: right; vertical-align: middle;\" scope=\"row\"><img loading=\"lazy\" class=\"aligncenter wp-image-641 size-full\" src=\"https:\/\/www.naturheilpraxis-pfluger.de\/wp-content\/uploads\/2020\/09\/wundexperte_iwc.jpg\" alt=\"\" width=\"300\" height=\"200\" \/><\/td>\n<td style=\"width: 49.9637%; height: 216px; text-align: left; vertical-align: top;\" scope=\"row\">\n<div style=\"border: 5px solid green; border-radius: 0 1em 1em 1em; background-color: #effac8; margin: 20px auto; padding: 2em;\"><span style=\"font-family: arial, helvetica, sans-serif;\"><span style=\"font-family: arial, helvetica, sans-serif;\"><strong>Wundexpertin nach ICW<br \/>\n<\/strong><br \/>\nIn Deutschland leiden eine Vielzahl von Menschen an chronischen Wunden.<\/span><\/span><\/div>\n<div><\/div>\n<\/td>\n<\/tr>\n<tr>\n<td style=\"width: 50%; text-align: left; vertical-align: top;\" colspan=\"2\"><span style=\"font-family: arial, helvetica, sans-serif;\">Eine chronische Wunde ist ein Defekt der Haut, der innerhalb von acht Wochen, gem\u00e4\u00df AWMF S3 Leitlinien, bzw. vier bis zw\u00f6lf Wochen, laut DNOP, nach Wundentstehung auch unter optimaler Behandlung keine Heilungstendenz aufweist.<\/span><\/p>\n<p>&nbsp;<\/td>\n<\/tr>\n<tr style=\"height: 320px;\">\n<td style=\"height: 320px; width: 50%; text-align: left; vertical-align: top;\" scope=\"row\"><span style=\"font-family: arial, helvetica, sans-serif;\"><strong>Entstehung von chronischen Wunden<br \/>\n<\/strong><\/span><em><strong><span style=\"font-family: arial, helvetica, sans-serif;\">Chronische Wunden entstehen durch<\/span><\/strong><\/em><\/p>\n<ul style=\"list-style-type: disc;\">\n<li><span style=\"font-family: arial, helvetica, sans-serif;\">Gef\u00e4\u00dferkrankungen der Lymphe, Venen und Arterien<\/span><\/li>\n<li><span style=\"font-family: arial, helvetica, sans-serif;\">Autoimmunerkrankungen<\/span><\/li>\n<li><span style=\"font-family: arial, helvetica, sans-serif;\">Druckbelastung<\/span><\/li>\n<li><span style=\"font-family: arial, helvetica, sans-serif;\">Hauterkrankungen z.B. Psoriasis<\/span><\/li>\n<li><span style=\"font-family: arial, helvetica, sans-serif;\">Infektionen<\/span><\/li>\n<li><span style=\"font-family: arial, helvetica, sans-serif;\">Traumen<\/span><\/li>\n<li><span style=\"font-family: arial, helvetica, sans-serif;\">Stoffwechselerkrankung ( z.B. Diabetes mellitus)<\/span><\/li>\n<\/ul>\n<p><em><strong><span style=\"font-family: arial, helvetica, sans-serif;\"><br \/>\nM\u00f6gliche Risikofaktoren k\u00f6nnen sein<\/span><\/strong><\/em><\/p>\n<ul>\n<li><span style=\"font-family: arial, helvetica, sans-serif;\">\u00dcbergewicht<\/span><\/li>\n<li><span style=\"font-family: arial, helvetica, sans-serif;\">Mangelern\u00e4hrung<\/span><\/li>\n<li><span style=\"font-family: arial, helvetica, sans-serif;\">Rauchen<\/span><\/li>\n<li><span style=\"font-family: arial, helvetica, sans-serif;\">Medikamente<\/span><\/li>\n<\/ul>\n<p>&nbsp;<\/p>\n<p><span style=\"font-family: arial, helvetica, sans-serif;\"><span style=\"font-family: arial, helvetica, sans-serif;\"><strong>Aufgaben der Wundexpertin<\/strong><\/span><\/span><\/p>\n<ul>\n<li><span style=\"font-family: arial, helvetica, sans-serif;\">Koordination der Wundbehandlung mit allen beteiligten Institutionen bzw. Kliniken \u00c4rzten z.B. Diabetologe, Rheumatologe<\/span><\/li>\n<li><span style=\"font-family: arial, helvetica, sans-serif;\">Organisation der h\u00e4uslichen Versorgung<\/span><\/li>\n<li><span style=\"font-family: arial, helvetica, sans-serif;\">Schmerztherapie<\/span><\/li>\n<li><span style=\"font-family: arial, helvetica, sans-serif;\">Moderne phasengerechte Wundversorgung<\/span><\/li>\n<li><span style=\"font-family: arial, helvetica, sans-serif;\">Begleitung der betroffenen Person und deren Angeh\u00f6rige,\u00a0 Freunde und Lebenspartner<\/span><\/li>\n<\/ul>\n<p>&nbsp;<\/td>\n<td style=\"width: 50%; text-align: center; vertical-align: bottom;\" scope=\"row\">[sg_popup id=&#8220;544&#8243; event=&#8220;click&#8220;]<img loading=\"lazy\" class=\"aligncenter wp-image-405 size-medium\" src=\"https:\/\/www.naturheilpraxis-pfluger.de\/wp-content\/uploads\/2020\/08\/urkunde_icw-218x300.jpg\" alt=\"\" width=\"218\" height=\"300\" srcset=\"https:\/\/www.naturheilpraxis-pfluger.de\/wp-content\/uploads\/2020\/08\/urkunde_icw-218x300.jpg 218w, https:\/\/www.naturheilpraxis-pfluger.de\/wp-content\/uploads\/2020\/08\/urkunde_icw.jpg 577w\" sizes=\"(max-width: 218px) 100vw, 218px\" \/>[\/sg_popup]<\/p>\n<p>&nbsp;<\/p>\n<p>&nbsp;<\/p>\n<p>&nbsp;<\/p>\n<p><span style=\"font-family: arial, helvetica, sans-serif;\"><strong>[sg_popup id=&#8220;545&#8243; event=&#8220;click&#8220;]<img loading=\"lazy\" class=\"aligncenter wp-image-535 size-medium\" src=\"https:\/\/www.naturheilpraxis-pfluger.de\/wp-content\/uploads\/2020\/08\/wundexperte-1-300x289.jpg\" alt=\"\" width=\"300\" height=\"289\" srcset=\"https:\/\/www.naturheilpraxis-pfluger.de\/wp-content\/uploads\/2020\/08\/wundexperte-1-300x289.jpg 300w, https:\/\/www.naturheilpraxis-pfluger.de\/wp-content\/uploads\/2020\/08\/wundexperte-1.jpg 600w\" sizes=\"(max-width: 300px) 100vw, 300px\" \/>[\/sg_popup]<\/strong><\/span><\/td>\n<\/tr>\n<\/tbody>\n<\/table>\n<p>&nbsp;<\/p>\n","protected":false},"excerpt":{"rendered":"<p>Wundexpertin nach ICW In Deutschland leiden eine Vielzahl von Menschen an chronischen Wunden. Eine chronische Wunde ist ein Defekt der Haut, der innerhalb von acht Wochen, gem\u00e4\u00df AWMF S3 Leitlinien, bzw. vier bis zw\u00f6lf Wochen, laut DNOP, nach Wundentstehung auch<\/p>\n","protected":false},"author":1,"featured_media":0,"parent":0,"menu_order":0,"comment_status":"closed","ping_status":"closed","template":"","meta":[],"_links":{"self":[{"href":"https:\/\/www.naturheilpraxis-pfluger.de\/index.php?rest_route=\/wp\/v2\/pages\/353"}],"collection":[{"href":"https:\/\/www.naturheilpraxis-pfluger.de\/index.php?rest_route=\/wp\/v2\/pages"}],"about":[{"href":"https:\/\/www.naturheilpraxis-pfluger.de\/index.php?rest_route=\/wp\/v2\/types\/page"}],"author":[{"embeddable":true,"href":"https:\/\/www.naturheilpraxis-pfluger.de\/index.php?rest_route=\/wp\/v2\/users\/1"}],"replies":[{"embeddable":true,"href":"https:\/\/www.naturheilpraxis-pfluger.de\/index.php?rest_route=%2Fwp%2Fv2%2Fcomments&post=353"}],"version-history":[{"count":23,"href":"https:\/\/www.naturheilpraxis-pfluger.de\/index.php?rest_route=\/wp\/v2\/pages\/353\/revisions"}],"predecessor-version":[{"id":786,"href":"https:\/\/www.naturheilpraxis-pfluger.de\/index.php?rest_route=\/wp\/v2\/pages\/353\/revisions\/786"}],"wp:attachment":[{"href":"https:\/\/www.naturheilpraxis-pfluger.de\/index.php?rest_route=%2Fwp%2Fv2%2Fmedia&parent=353"}],"curies":[{"name":"wp","href":"https:\/\/api.w.org\/{rel}","templated":true}]}}