{"id":691,"date":"2020-09-29T12:29:04","date_gmt":"2020-09-29T10:29:04","guid":{"rendered":"http:\/\/www.naturheilpraxis-pfluger.de\/?page_id=691"},"modified":"2021-01-12T14:41:36","modified_gmt":"2021-01-12T13:41:36","slug":"akupunktur-2","status":"publish","type":"page","link":"https:\/\/www.naturheilpraxis-pfluger.de\/?page_id=691","title":{"rendered":"Akupunktur"},"content":{"rendered":"<table style=\"border-collapse: collapse; width: 100%; height: 536px;\">\n<tbody>\n<tr style=\"height: 216px;\">\n<td style=\"width: 300px; height: 216px; text-align: right; vertical-align: middle;\" scope=\"row\"><img loading=\"lazy\" class=\"alignleft wp-image-692 size-full\" src=\"https:\/\/www.naturheilpraxis-pfluger.de\/wp-content\/uploads\/2020\/09\/akupunktur.jpg\" alt=\"\" width=\"300\" height=\"200\" \/><\/td>\n<td style=\"width: 300px; height: 216px; text-align: left; vertical-align: top;\" scope=\"row\">\n<div style=\"border: 5px solid green; border-radius: 0 1em 1em 1em; background-color: #effac8; margin: 20px auto; padding: 2em;\">\n<p><span style=\"font-family: arial, helvetica, sans-serif;\"><strong>Akupunktur<br \/>\n<\/strong><\/span><span style=\"font-family: arial, helvetica, sans-serif;\">Die\u00a0Akupunktur\u00a0setzt sich aus den Worten acus (lat. = Spitze, Nadel) und pungere (lat. = stechen) zusammen. Sie ist ein Teil der Traditionellen Chinesischen Medizin (TCM) \u00a0mit einer Geschichte von mehr als 3000 Jahren.<\/span><\/p>\n<\/div>\n<\/td>\n<\/tr>\n<tr style=\"height: 320px;\">\n<td style=\"height: 320px;\" colspan=\"2\"><span style=\"font-family: arial, helvetica, sans-serif;\">Die Akupunkturnadeln werden an speziellen Akupunktur-Punkten welche entlang der Meridiane (Energiebahnen) liegen eingef\u00fchrt.<\/span><\/p>\n<p><span style=\"font-family: arial, helvetica, sans-serif;\"><strong>Formen der Akupunktur<br \/>\n<\/strong><\/span><\/p>\n<p><span style=\"font-family: arial, helvetica, sans-serif;\">Es gibt drei Akupunktur-Formen<\/span><\/p>\n<ul>\n<li><span style=\"font-family: arial, helvetica, sans-serif;\">Akupunktur (Einstechen von Nadeln)<\/span><\/li>\n<li><span style=\"font-family: arial, helvetica, sans-serif;\">Moxibustion (Behandlung mit W\u00e4rme)<\/span><\/li>\n<li><span style=\"font-family: arial, helvetica, sans-serif;\">Akupressur (Massage)<\/span><\/li>\n<\/ul>\n<p><span style=\"font-family: arial, helvetica, sans-serif;\"><strong>\u00a0<\/strong><\/span><\/p>\n<p><span style=\"font-family: arial, helvetica, sans-serif;\"><strong>Wirkungen der Akupunktur<\/strong> <\/span><\/p>\n<p><span style=\"font-family: arial, helvetica, sans-serif;\">Schmerzlinderung<\/span><br \/>\n<span style=\"font-family: arial, helvetica, sans-serif;\">Einfluss auf die Mikroblutzirkulation, K\u00f6rperfl\u00fcssigkeiten, Energie und Hitze<\/span><br \/>\n<span style=\"font-family: arial, helvetica, sans-serif;\">Einfluss auf die Endorphinenaussch\u00fcttung (Gl\u00fcckshormone) und <\/span><br \/>\n<span style=\"font-family: arial, helvetica, sans-serif;\">\u00a0\u00a0\u00a0\u00a0\u00a0\u00a0\u00a0\u00a0\u00a0\u00a0\u00a0\u00a0\u00a0\u00a0\u00a0\u00a0\u00a0\u00a0\u00a0 die Serotoninaussch\u00fcttung<\/span><br \/>\n<span style=\"font-family: arial, helvetica, sans-serif;\">\u00a0\u00a0\u00a0\u00a0\u00a0\u00a0\u00a0\u00a0\u00a0\u00a0\u00a0\u00a0\u00a0\u00a0\u00a0\u00a0\u00a0\u00a0\u00a0 die Cortisonproduktion<\/span><br \/>\n<span style=\"font-family: arial, helvetica, sans-serif;\">Detonisierung der Muskulatur<\/span><br \/>\n<span style=\"font-family: arial, helvetica, sans-serif;\">Immunsystemaktivierung<\/span><\/p>\n<p><span style=\"font-family: arial, helvetica, sans-serif;\"><strong>Ziel der Akupunktur<\/strong> <\/span><\/p>\n<p><span style=\"font-family: arial, helvetica, sans-serif;\">Die Akupunktur will gest\u00f6rte Str\u00f6mungsverh\u00e4ltnisse und die Balanceverh\u00e4ltnisse zwischen K\u00f6rperregionen wiederherstellen.<\/span><br \/>\n<span style=\"font-family: arial, helvetica, sans-serif;\"><strong><br \/>\n<\/strong><strong>Akupunktur im Mikrosysteme<br \/>\n<\/strong>Eine Sonderformen der Akupunktur ist die Ohrakupunktur, die Hand-, Fu\u00df- und die Sch\u00e4delakupunktur.<strong><br \/>\n<\/strong><\/span><br \/>\n<span style=\"font-family: arial, helvetica, sans-serif;\"><strong>Behandlungsablauf<br \/>\n<\/strong>Die Nadel wird senkrecht (90\u00b0), schr\u00e4g (30-60\u00b0) oder unter 15\u00b0eingef\u00fchrt. W\u00e4hrend der Behandlung werden so wenig Nadeln wie n\u00f6tig verwendet. Die Verweildauer der Nadel liegt bei 20-30 Minuten. Die Auswahl der Akupunktur-Punkte erfolgt individuell.<\/span><\/p>\n<p>Einsatzm\u00f6glichkeit der Akkupunktur<\/p>\n<ul>\n<li><span style=\"font-family: arial, helvetica, sans-serif;\"><strong>Erkrankungen des St\u00fctz- und Bewegungssystems:<\/strong> R\u00fcckenschmerzen, Schulter-Armschmerzen\u2026.<\/span><\/li>\n<li><span style=\"font-family: arial, helvetica, sans-serif;\"><strong>Neurologische Erkrankungen<\/strong>: Kopfschmerzen\/ Migr\u00e4ne, Schlafst\u00f6rungen\u2026..<\/span><\/li>\n<li><span style=\"font-family: arial, helvetica, sans-serif;\"><strong>Herz-Kreislauf-Erkrankungen:<\/strong> Herzrhythmusst\u00f6rungen, Koronare Herzerkrankung, Angina pectoris, Hypertonie\u2026..<\/span><\/li>\n<li><span style=\"font-family: arial, helvetica, sans-serif;\"><strong>Gastrointestinale Erkrankungen: Morbus Crohn, Culitis ulcerosa, Obstipation\u2026.<\/strong><\/span><\/li>\n<li><span style=\"font-family: arial, helvetica, sans-serif;\"><strong>Gyn\u00e4kologische Erkrankungen<\/strong><\/span><\/li>\n<li><span style=\"font-family: arial, helvetica, sans-serif;\"><strong>Hals-Nasen-Ohren-Erkrankungen: <\/strong>Tinnitus, Otitis<\/span><\/li>\n<li><span style=\"font-family: arial, helvetica, sans-serif;\"><strong>Augenerkrankungen<\/strong><\/span><\/li>\n<\/ul>\n<\/td>\n<\/tr>\n<\/tbody>\n<\/table>\n","protected":false},"excerpt":{"rendered":"<p>Akupunktur Die\u00a0Akupunktur\u00a0setzt sich aus den Worten acus (lat. = Spitze, Nadel) und pungere (lat. = stechen) zusammen. Sie ist ein Teil der Traditionellen Chinesischen Medizin (TCM) \u00a0mit einer Geschichte von mehr als 3000 Jahren. Die Akupunkturnadeln werden an speziellen Akupunktur-Punkten<\/p>\n","protected":false},"author":1,"featured_media":0,"parent":0,"menu_order":0,"comment_status":"closed","ping_status":"closed","template":"","meta":[],"_links":{"self":[{"href":"https:\/\/www.naturheilpraxis-pfluger.de\/index.php?rest_route=\/wp\/v2\/pages\/691"}],"collection":[{"href":"https:\/\/www.naturheilpraxis-pfluger.de\/index.php?rest_route=\/wp\/v2\/pages"}],"about":[{"href":"https:\/\/www.naturheilpraxis-pfluger.de\/index.php?rest_route=\/wp\/v2\/types\/page"}],"author":[{"embeddable":true,"href":"https:\/\/www.naturheilpraxis-pfluger.de\/index.php?rest_route=\/wp\/v2\/users\/1"}],"replies":[{"embeddable":true,"href":"https:\/\/www.naturheilpraxis-pfluger.de\/index.php?rest_route=%2Fwp%2Fv2%2Fcomments&post=691"}],"version-history":[{"count":5,"href":"https:\/\/www.naturheilpraxis-pfluger.de\/index.php?rest_route=\/wp\/v2\/pages\/691\/revisions"}],"predecessor-version":[{"id":780,"href":"https:\/\/www.naturheilpraxis-pfluger.de\/index.php?rest_route=\/wp\/v2\/pages\/691\/revisions\/780"}],"wp:attachment":[{"href":"https:\/\/www.naturheilpraxis-pfluger.de\/index.php?rest_route=%2Fwp%2Fv2%2Fmedia&parent=691"}],"curies":[{"name":"wp","href":"https:\/\/api.w.org\/{rel}","templated":true}]}}