{"id":695,"date":"2020-09-29T12:33:04","date_gmt":"2020-09-29T10:33:04","guid":{"rendered":"http:\/\/www.naturheilpraxis-pfluger.de\/?page_id=695"},"modified":"2021-01-12T14:52:40","modified_gmt":"2021-01-12T13:52:40","slug":"695-2","status":"publish","type":"page","link":"https:\/\/www.naturheilpraxis-pfluger.de\/?page_id=695","title":{"rendered":"Schr\u00f6pftherapie"},"content":{"rendered":"<table style=\"border-collapse: collapse; width: 100%; height: 536px;\">\n<tbody>\n<tr style=\"height: 216px;\">\n<td style=\"width: 300px; height: 216px; text-align: right; vertical-align: middle;\" scope=\"row\"><img loading=\"lazy\" class=\"alignleft wp-image-696 size-full\" src=\"https:\/\/www.naturheilpraxis-pfluger.de\/wp-content\/uploads\/2020\/09\/schroepfen.jpg\" alt=\"\" width=\"300\" height=\"200\" \/><\/td>\n<td style=\"width: 300px; height: 216px; text-align: left; vertical-align: top;\" scope=\"row\">\n<div style=\"border: 5px solid green; border-radius: 0 1em 1em 1em; background-color: #effac8; margin: 20px auto; padding: 2em;\">\n<p><span style=\"font-family: arial, helvetica, sans-serif;\"><strong>Schr\u00f6pftherapie<br \/>\n<\/strong>Schr\u00f6pfen geh\u00f6rt zu den Methoden der Komplement\u00e4rmedizin und z\u00e4hlt zu den \u00e4ltesten Therapieverfahren. Aus naturheilkundlicher Sicht geh\u00f6rt es zu den ausleitenden Verfahren.\u00a0<\/span><\/p>\n<\/div>\n<\/td>\n<\/tr>\n<tr style=\"height: 320px;\">\n<td style=\"height: 320px;\" colspan=\"2\"><span style=\"font-family: arial, helvetica, sans-serif;\">Ziel dieser Ausleitmethode ist die Entfernung von Schadstoffen aus dem K\u00f6rper.<\/span><\/p>\n<p><span style=\"font-family: arial, helvetica, sans-serif;\"><strong>Verfahren der Schr\u00f6pftherapie<br \/>\n<\/strong>Schr\u00f6pfgl\u00e4ser werden mit Hilfe eines erzeugten Unterdrucks (mittels Lufterhitzung im Schr\u00f6pfglas und dessen sofortiges Aufsetzen auf die Haut erzeugt oder durch spezielle Pumpvorrichtungen an den Schr\u00f6pfgef\u00e4\u00dfen erreicht) dem Patienten meist auf den R\u00fccken aufgesetzt. M\u00f6gliche Bereiche zum Aufsetzen der Schr\u00f6pfgl\u00e4ser sind z.B. Abdomen, Thorax oder Oberschenkel. Die Intensit\u00e4t der Behandlung kann variieren und wird individuell an die Bed\u00fcrfnisse des Patienten angepasst.<\/span><\/p>\n<p><span style=\"font-family: arial, helvetica, sans-serif;\">\u00a0<strong>Formen des Schr\u00f6pfens<\/strong><\/span><\/p>\n<ul>\n<li><span style=\"font-family: arial, helvetica, sans-serif;\">Blutiges Schr\u00f6pfen\u00a0<\/span><br \/>\n<span style=\"font-family: arial, helvetica, sans-serif;\">Die Haut wird zu vor angeritzt, w\u00e4hrend des Schr\u00f6pfvorgang wird Blut aus dem K\u00f6rper gezogen und ausgeleitet. Die Schr\u00f6pfk\u00f6pfe bleiben h\u00f6chstens 15 Minuten an der Behandlungsstelle.<\/span><\/li>\n<li><span style=\"font-family: arial, helvetica, sans-serif;\">Trockenes, <em>Unblutiges<\/em> Schr\u00f6pfen<\/span><br \/>\n<span style=\"font-family: arial, helvetica, sans-serif;\">Die Haut wird durch Unterdruck in das Schr\u00f6pfglas gesaugt. Das Gewebe wird st\u00e4rker durchblutet, es bilden sich durch das Schr\u00f6pfen blaue Flecke, R\u00f6tungen und Schwellungen. Au\u00dferdem wird die Haut an der Schr\u00f6pfstelle \u00fcberw\u00e4rmt. Die Schr\u00f6pfk\u00f6pfe verbleiben h\u00f6chstens 15 Minuten an der behandelten Stelle.<\/span><\/li>\n<li><span style=\"font-family: arial, helvetica, sans-serif;\">Schr\u00f6pfkopfmassage\u00a0<\/span><br \/>\n<span style=\"font-family: arial, helvetica, sans-serif;\">Das Behandlungsgebiet wird mit Haut\u00f6l vorbehandelt um anschlie\u00dfend mit Hilfe der angesetzten Schr\u00f6pfgl\u00e4ser massiert zu werden, dabei bewegt der Behandler die Schr\u00f6pfgl\u00e4ser \u00fcber hin und her. Der Effekt einer Schr\u00f6pfbehandlung wird mit den Wirkungen einer Bindegewebsmassage kombiniert und verst\u00e4rkt. Es entstehen blaurote, streifige Hautverf\u00e4rbungen. Die Schr\u00f6pfkopfmassage ist schmerzhaft und dauert nur wenige Minuten.<\/span><\/li>\n<\/ul>\n<p><span style=\"font-family: arial, helvetica, sans-serif;\">\u00a0<\/span><\/p>\n<p><span style=\"font-family: arial, helvetica, sans-serif;\"><strong>Wirkungen der Schr\u00f6pftherapie<\/strong> <\/span><br \/>\n<span style=\"font-family: arial, helvetica, sans-serif;\">Die Schr\u00f6pftherapie verbessert und steigert<\/span><br \/>\n<span style=\"font-family: arial, helvetica, sans-serif;\">&#8211; die lokale Durchblutung<br \/>\n<\/span><span style=\"font-family: arial, helvetica, sans-serif;\"> &#8211; den Lymphfluss<\/span><br \/>\n<span style=\"font-family: arial, helvetica, sans-serif;\">&#8211; den Stoffwechsel im behandelten Hautareal <\/span><br \/>\n<span style=\"font-family: arial, helvetica, sans-serif;\">&#8211; den Einfluss auf innere Organe durch die Verkn\u00fcpfung bestimmter Reflexzonen mit den Organen <\/span><br \/>\n<span style=\"font-family: arial, helvetica, sans-serif;\">Die Schr\u00f6pftherapie lindert Verspannungen und Muskelschmerzen\u00a0<\/span><\/td>\n<\/tr>\n<\/tbody>\n<\/table>\n","protected":false},"excerpt":{"rendered":"<p>Schr\u00f6pftherapie Schr\u00f6pfen geh\u00f6rt zu den Methoden der Komplement\u00e4rmedizin und z\u00e4hlt zu den \u00e4ltesten Therapieverfahren. Aus naturheilkundlicher Sicht geh\u00f6rt es zu den ausleitenden Verfahren.\u00a0 Ziel dieser Ausleitmethode ist die Entfernung von Schadstoffen aus dem K\u00f6rper. Verfahren der Schr\u00f6pftherapie Schr\u00f6pfgl\u00e4ser werden mit<\/p>\n","protected":false},"author":1,"featured_media":0,"parent":0,"menu_order":0,"comment_status":"closed","ping_status":"closed","template":"","meta":[],"_links":{"self":[{"href":"https:\/\/www.naturheilpraxis-pfluger.de\/index.php?rest_route=\/wp\/v2\/pages\/695"}],"collection":[{"href":"https:\/\/www.naturheilpraxis-pfluger.de\/index.php?rest_route=\/wp\/v2\/pages"}],"about":[{"href":"https:\/\/www.naturheilpraxis-pfluger.de\/index.php?rest_route=\/wp\/v2\/types\/page"}],"author":[{"embeddable":true,"href":"https:\/\/www.naturheilpraxis-pfluger.de\/index.php?rest_route=\/wp\/v2\/users\/1"}],"replies":[{"embeddable":true,"href":"https:\/\/www.naturheilpraxis-pfluger.de\/index.php?rest_route=%2Fwp%2Fv2%2Fcomments&post=695"}],"version-history":[{"count":6,"href":"https:\/\/www.naturheilpraxis-pfluger.de\/index.php?rest_route=\/wp\/v2\/pages\/695\/revisions"}],"predecessor-version":[{"id":783,"href":"https:\/\/www.naturheilpraxis-pfluger.de\/index.php?rest_route=\/wp\/v2\/pages\/695\/revisions\/783"}],"wp:attachment":[{"href":"https:\/\/www.naturheilpraxis-pfluger.de\/index.php?rest_route=%2Fwp%2Fv2%2Fmedia&parent=695"}],"curies":[{"name":"wp","href":"https:\/\/api.w.org\/{rel}","templated":true}]}}